{"id":3,"date":"2022-08-18T08:38:03","date_gmt":"2022-08-18T06:38:03","guid":{"rendered":"https:\/\/thevillastudio.es\/?page_id=3"},"modified":"2025-06-20T00:21:38","modified_gmt":"2025-06-19T22:21:38","slug":"politica-de-privacidad","status":"publish","type":"page","link":"https:\/\/thevillastudio.es\/en\/politica-de-privacidad\/","title":{"rendered":"Pol\u00edtica de privacidad"},"content":{"rendered":"<p>Lo que se hace y no se hace con tus datos personales en esta web lo encontrar\u00e1s aqu\u00ed.<\/p>\n\n\n\n<p>Esta pol\u00edtica expresa c\u00f3mo se tratar\u00e1 y proteger\u00e1 la informaci\u00f3n personal de todas las personas que se relacionan con THE VILLA STUDIO a trav\u00e9s de este sitio web. Por favor, debes leer todos los apartados del Aviso Legal, de la pol\u00edtica de cookies y de la presente pol\u00edtica de privacidad antes de utilizar esta web.<\/p>\n\n\n\n<p>De conformidad con lo dispuesto en Reglamento UE 2016\/679, del Parlamento Europeo y del Consejo del 27 de abril de 2016 (RGPD) y la Ley Org\u00e1nica 3\/2018, del 5 de diciembre, de Protecci\u00f3n de Datos Personales y garant\u00eda de los derechos digitales, ESTUDIO JUNGUITU S.L., te informa de que, mediante la aceptaci\u00f3n de esta Pol\u00edtica de Privacidad, prestas tu consentimiento expreso, informado, libre e inequ\u00edvoco para que los Datos que proporcionas, y sobre los que se aplican las medidas de seguridad, t\u00e9cnicas y organizativas previstas en la normativa vigente, sean tratados por ESTUDIO JUNGUITU S.L., como responsable del tratamiento.<\/p>\n\n\n\n<h2 class=\"wp-block-heading\" id=\"quien-es-el-responsable-de-esta-web\">\u00bfQui\u00e9n es el responsable de esta web?<\/h2>\n\n\n\n<ul class=\"wp-block-list\">\n<li><strong>Identidad del Responsable:<\/strong> ESTUDIO JUNGUITU S.L.<\/li>\n\n\n\n<li><strong>Nombre comercial:<\/strong> THE VILLA STUDIO<\/li>\n\n\n\n<li><strong>NIF\/CIF:<\/strong>&nbsp;B26367573<\/li>\n\n\n\n<li><strong>Inscrita en<\/strong>: Registro Mercantil de La Rioja; y cuyos datos registrales son: Tomo 567, Folio 120, inscripci\u00f3n 1, hoja n\u00famero LO-9373<\/li>\n\n\n\n<li><strong>Direcci\u00f3n:<\/strong> Avda. de La Rioja 6, 26290 Bri\u00f1as (La Rioja)<\/li>\n\n\n\n<li><strong>Correo electr\u00f3nico:<\/strong> info@thevillastudio.es<\/li>\n\n\n\n<li><strong>Datos de contacto del responsable o representante, y del delegado de protecci\u00f3n de dato<\/strong>: Puedes contactar mediante el formulario de contacto o escribiendo un email a <a href=\"mailto:info@midominio.com\" data-type=\"mailto\" data-id=\"mailto:info@midominio.com\">info@thevillastudio.es<\/a>.<\/li>\n<\/ul>\n\n\n\n<h2 class=\"wp-block-heading\" id=\"que-datos-personales-se-recogen-en-esta-web\">\u00bfQu\u00e9 datos personales se recogen en esta web?<\/h2>\n\n\n\n<p>Para las finalidades establecidas en esta Pol\u00edtica de Privacidad, THE VILLA STUDIO y trata los Datos Personales que se detallan a continuaci\u00f3n, que depender\u00e1n de los diferentes productos o servicios que solicite en esta Web:<\/p>\n\n\n\n<p><strong>Datos identificativos:<\/strong> nombre, apellidos.<\/p>\n\n\n\n<p><strong>Datos de contacto<\/strong>: direcci\u00f3n postal, correo electr\u00f3nico, n\u00famero de tel\u00e9fono m\u00f3vil.<\/p>\n\n\n\n<p><strong>Datos contractuales:<\/strong> datos de operaciones contractuales, DNI, productos y servicios adquiridos, operaciones financieras, datos de pago.<\/p>\n\n\n\n<p><strong>Datos navegaci\u00f3n<\/strong>: direcci\u00f3n IP, tipo e identificaci\u00f3n del dispositivo, tipo de navegador, dominio a trav\u00e9s del cual accede al Sitio Web, datos de navegaci\u00f3n, actividad en el Sitio Web.<\/p>\n\n\n\n<h2 class=\"wp-block-heading\" id=\"con-que-base-legal-se-tratan-estos-datos\">\u00bfCon qu\u00e9 base legal se tratan estos datos?<\/h2>\n\n\n\n<p>Tratamos tus datos personales con las siguientes bases legales:<\/p>\n\n\n\n<ul class=\"wp-block-list\">\n<li><strong>La&nbsp;ejecuci\u00f3n de un contrato&nbsp;con THE VILLA STUDIO, <\/strong>para la contrataci\u00f3n de servicios, publicar anuncios y gestionar los servicios solicitados.<\/li>\n<\/ul>\n\n\n\n<ul class=\"wp-block-list\">\n<li><strong>El&nbsp;consentimiento<\/strong> del usuario&nbsp;en relaci\u00f3n al contacto, la suscripci\u00f3n a contenidos y el env\u00edo de comunicaciones comerciales, v\u00eda mail, cookies o sistemas de mensajer\u00eda.<\/li>\n<\/ul>\n\n\n\n<ul class=\"wp-block-list\">\n<li><strong>El&nbsp;inter\u00e9s leg\u00edtimo<\/strong> del responsable del tratamiento&nbsp;para proteger a los usuarios de la web de THE VILLA STUDIO de abusos y fraudes en el uso de nuestros servicios.<\/li>\n<\/ul>\n\n\n\n<h2 class=\"wp-block-heading\" id=\"con-que-finalidades-trataremos-tus-datos\">\u00bfCon que finalidades trataremos tus datos?<\/h2>\n\n\n\n<p>En esta web, existe diferentes formularios, en cada uno de ellos, la informaci\u00f3n que recoja se utilizar\u00e1 de la siguiente manera:<\/p>\n\n\n\n<p><strong>Formularios de suscripci\u00f3n a contenidos: <\/strong>existen varios formularios para activar la suscripci\u00f3n. Los datos facilitados ser\u00e1n utilizados exclusivamente para enviar la Newsletter y mantenerte actualizado sobre novedades y ofertas puntuales, exclusivas para suscriptores de thevillastudio.es.<\/p>\n\n\n\n<p><strong>Formulario de contacto:<\/strong> Tambi\u00e9n existe un formulario de contacto para consultas, sugerencias o contacto profesional. En este caso se utilizar\u00e1 la direcci\u00f3n de correo electr\u00f3nico para responder a las mismas y enviar la informaci\u00f3n que el usuario requiera a trav\u00e9s de la web.<\/p>\n\n\n\n<p><strong>Formulario de Registro:<\/strong> En este caso, solicitamos los siguientes datos personales: Nombre, Email, para que puedas crear una cuenta en nuestro sistema y dar acceso a sus funcionalidades.<\/p>\n\n\n\n<h2 class=\"wp-block-heading\" id=\"tiempo-de-conservacion-de-los-datos-personales\">Tiempo de conservaci\u00f3n de los datos personales<\/h2>\n\n\n\n<p><strong>Datos de los Clientes:<\/strong> El periodo de conservaci\u00f3n de los datos personales variar\u00e1 en funci\u00f3n del servicio que el Cliente contrate. En cualquier caso, ser\u00e1 el m\u00ednimo necesario, pudiendo mantenerse hasta:<\/p>\n\n\n\n<p>&#8211; 4 a\u00f1os: Ley sobre Infracciones y Sanciones en el Orden Social (obligaciones en materia de afiliaci\u00f3n, altas, bajas, cotizaci\u00f3n, pago de salarios\u2026); Arts. 66 y ss. Ley General Tributaria (libros de contabilidad\u2026).<\/p>\n\n\n\n<p>&#8211; &nbsp;&nbsp;5 a\u00f1os: Art. 1964 del C\u00f3digo Civil (acciones personales sin plazo especial).<\/p>\n\n\n\n<p>&#8211; &nbsp;&nbsp;6 a\u00f1os: Art. 30 del C\u00f3digo de Comercio (libros de contabilidad, facturas\u2026).<\/p>\n\n\n\n<p>&#8211; 10 a\u00f1os: Art. 25 de la Ley de Prevenci\u00f3n del Blanqueo de Capitales y Financiaci\u00f3n del Terrorismo.<\/p>\n\n\n\n<p><strong>Datos de los suscriptores<\/strong>: Desde que el usuario se suscribe hasta que se da de baja.<\/p>\n\n\n\n<p><strong>Datos de potenciales clientes<\/strong>: los datos se conservar\u00e1n en todo caso durante la vigencia de la relaci\u00f3n comercial establecida y, una vez concluida, dos a\u00f1os, a menos que el usuario solicite antes su supresi\u00f3n.<\/p>\n\n\n\n<h2 class=\"wp-block-heading\" id=\"cuales-son-tus-derechos-en-lo-que-concierne-al-uso-de-tus-datos\">\u00bfCu\u00e1les son tus derechos en lo que concierne al uso de tus datos?<\/h2>\n\n\n\n<p>Cualquier persona tiene derecho a obtener confirmaci\u00f3n sobre si en THE VILLA STUDIO estamos tratando datos personales que le conciernen o no.<\/p>\n\n\n\n<p>Las personas interesadas tienen derecho a:<\/p>\n\n\n\n<ul class=\"wp-block-list\">\n<li>Solicitar el acceso a los datos personales relativos al interesado.<\/li>\n\n\n\n<li>Solicitar su rectificaci\u00f3n o supresi\u00f3n.<\/li>\n\n\n\n<li>Solicitar su cancelaci\u00f3n.<\/li>\n\n\n\n<li>Solicitar la limitaci\u00f3n de su tratamiento.<\/li>\n\n\n\n<li>Oponerse al tratamiento.<\/li>\n\n\n\n<li>Solicitar la portabilidad de los datos.<\/li>\n<\/ul>\n\n\n\n<p>Si ha otorgado su consentimiento para alguna finalidad concreta, tiene derecho a retirar el consentimiento otorgado en cualquier momento, sin que ello afecte a la licitud del tratamiento basado en el consentimiento previo a su retirada.<\/p>\n\n\n\n<p>En caso de que sienta vulnerados sus derechos en lo concerniente a la protecci\u00f3n de sus datos personales, especialmente cuando no haya obtenido satisfacci\u00f3n en el ejercicio de sus derechos, puede presentar una reclamaci\u00f3n ante la Autoridad de Control en materia de Protecci\u00f3n de Datos competente a trav\u00e9s de su sitio web: <a href=\"https:\/\/www.aepd.es\/es\" target=\"_blank\" rel=\"noopener\"><em>https:\/\/www.aepd.es\/es<\/em><\/a><\/p>\n\n\n\n<p>Para ejercitar estos derechos, puede escribir a info@thevillastudio.es.<\/p>\n\n\n\n<p><strong>Existe un formulario para el ejercicio de sus derechos<\/strong>, lo puede pedir por email o si lo prefiere, puede usar <a href=\"https:\/\/www.aepd.es\/es\/derechos-y-deberes\/conoce-tus-derechos\" target=\"_blank\" rel=\"noopener\"><em>los elaborados por la Agencia Espa\u00f1ola de Protecci\u00f3n de Datos o terceros.<\/em><\/a><\/p>\n\n\n\n<p>Estos formularios deben ir firmados electr\u00f3nicamente o ser acompa\u00f1ados de fotocopia del DNI.<\/p>\n\n\n\n<p>Si le representa alguien, debe adjuntar copia de su DNI, o debe estar firmado con su firma electr\u00f3nica.<\/p>\n\n\n\n<p>Los formularios pueden ser presentados presencialmente, enviados por carta o por mail a la direcci\u00f3n del responsable que aparece al inicio de este texto.<\/p>\n\n\n\n<h2 class=\"wp-block-heading\" id=\"notificacion-de-seguridad-y-declaracion-de-brechas\">Notificaci\u00f3n de seguridad y declaraci\u00f3n de brechas<\/h2>\n\n\n\n<p>En THE VILLA STUDIO asumimos medidas de seguridad adecuadas al nivel de riesgo para proteger la informaci\u00f3n personal contra p\u00e9rdida, uso indebido y acceso no autorizado, divulgaci\u00f3n, alteraci\u00f3n y destrucci\u00f3n, teniendo en cuenta los riesgos que conlleva el procesamiento y la naturaleza de la informaci\u00f3n personal; no obstante, si THE VILLA STUDIO, determina que sus datos de servicios han sido malversados (incluso por un empleado de THE VILLA STUDIO, se han visto expuestos por una brecha de seguridad o adquiridos de forma incorrecta por un tercero, THE VILLA STUDIO te informar\u00e1 de inmediato de dicha brecha de seguridad, apropiaci\u00f3n o adquisici\u00f3n indebida.<\/p>\n\n\n\n<h2 class=\"wp-block-heading\" id=\"a-que-destinatarios-se-comunicaran-tus-datos\">\u00bfA qu\u00e9 destinatarios se comunicar\u00e1n tus datos?<\/h2>\n\n\n\n<p>Muchas herramientas utilizadas en esta web para gestionar datos son contratadas por terceros. Para prestar servicios estrictamente necesarios para el desarrollo de la actividad, THE VILLA STUDIO comparte datos con los siguientes prestadores bajo sus correspondientes condiciones de privacidad:<\/p>\n\n\n\n<p>Proveedores de servicios externos (por ejemplo, servicios de procesamiento de pago, procesamiento de pedidos, an\u00e1lisis, gesti\u00f3n campa\u00f1as de marketing, gesti\u00f3n de sitios web, y distribuci\u00f3n de correo electr\u00f3nico y otros proveedores de servicios similares) a fin de que estos puedan realizar funciones comerciales en nombre THE VILLA STUDIO.<\/p>\n\n\n\n<p>Pueden tener acceso a esta web de forma ocasional la empresa de desarrollo y mantenimiento web, o la de hosting. Las mismas tienen firmado un contrato de prestaci\u00f3n de servicios que les obliga a mantener el mismo nivel de privacidad que se aplica a los tratamientos realizados en esta web.<\/p>\n\n\n\n<p>Cualquier transferencia internacional de datos derivada de la utilizaci\u00f3n de herramientas o proveedores de servicios, estar\u00e1 adherida al convenio Privacy Shield, que garantiza que las empresas de software americano cumplen las pol\u00edticas de protecci\u00f3n de datos europeas en materia de privacidad, secreto y seguridad de los datos.<\/p>\n\n\n\n<p>Concretamente esta web utiliza las siguientes herramientas:<\/p>\n\n\n\n<ul class=\"wp-block-list\">\n<li>Herramientas de an\u00e1lisis: Google Analytics.<\/li>\n<\/ul>\n\n\n\n<h2 class=\"wp-block-heading\" id=\"secreto-y-seguridad-de-los-datos\">Secreto y seguridad de los datos<\/h2>\n\n\n\n<p>thevillastudio.es se compromete al uso y tratamiento de los datos personales del usuario, respetando su confidencialidad, de acuerdo con la finalidad de aquellos; as\u00ed como a dar cumplimiento a su obligaci\u00f3n de guardarlos y adaptar todas las medidas para evitar la alteraci\u00f3n, p\u00e9rdida, tratamiento o acceso no autorizado, de conformidad con lo establecido en la normativa vigente de protecci\u00f3n de datos.<\/p>\n\n\n\n<p>Esta web incluye un certificado SSL. Se trata de un protocolo de seguridad que hace que tus datos viajen de manera \u00edntegra y segura; es decir, la transmisi\u00f3n de los datos entre un servidor y el usuario web, y en retroalimentaci\u00f3n es totalmente cifrada o encriptada.<\/p>\n\n\n\n<p>thevillastudio.es no puede garantizar la absoluta inexpugnabilidad de la red Internet, ni, por tanto, la violaci\u00f3n de los datos mediante accesos fraudulentos a ellos por parte de terceros.<\/p>\n\n\n\n<p>Con respecto a la confidencialidad del procesamiento, THE VILLA STUDIO se asegurar\u00e1 de que cualquier persona que est\u00e9 autorizada por THE VILLA STUDIO para procesar los datos del cliente (incluido su personal, colaboradores y prestadores), estar\u00e1 bajo la obligaci\u00f3n apropiada de confidencialidad (ya sea un deber contractual o legal).<\/p>\n\n\n\n<p>Cuando se presente alg\u00fan incidente de seguridad, al darse cuenta THE VILLA STUDIO deber\u00e1 notificar al Cliente sin demoras indebidas y deber\u00e1 proporcionar informaci\u00f3n oportuna relacionada con el Incidente de Seguridad tal como se conozca, o cuando el cliente lo solicite razonablemente.<\/p>\n\n\n\n<h2 class=\"wp-block-heading\" id=\"exactitud-y-veracidad-de-los-datos\">Exactitud y veracidad de los datos<\/h2>\n\n\n\n<p>Como usuario, eres el \u00fanico responsable de la veracidad y correcci\u00f3n de los datos que remitas a thevillastudio.es, exonerando a ESTUDIO JUNGUITU S.L. (THE VILLA STUDIO) de cualquier responsabilidad al respecto. Los usuarios garantizan y responden, en cualquier caso, de la exactitud, vigencia y autenticidad de los datos personales facilitados, y se comprometen a mantenerlos debidamente actualizados. El usuario acepta proporcionar informaci\u00f3n completa y correcta en el formulario de contacto o suscripci\u00f3n.<\/p>\n\n\n\n<h2 class=\"wp-block-heading\" id=\"revocabilidad\">Revocabilidad<\/h2>\n\n\n\n<p>El consentimiento prestado, tanto para el tratamiento como para la cesi\u00f3n de los datos de los interesados, es revocable en cualquier momento comunic\u00e1ndolo a ESTUDIO JUNGUITU S.L. (THE VILLA STUDIO) en los t\u00e9rminos establecidos en esta Pol\u00edtica para el ejercicio de los derechos ARCO. Esta revocaci\u00f3n en ning\u00fan caso tendr\u00e1 car\u00e1cter retroactivo.<\/p>\n\n\n\n<h2 class=\"wp-block-heading\" id=\"cambios-en-la-politica-de-privacidad\">Cambios en la pol\u00edtica de privacidad<\/h2>\n\n\n\n<p>ESTUDIO JUNGUITU S.L. se reserva el derecho a modificar la presente pol\u00edtica para adaptarla a novedades legislativas o jurisprudenciales, as\u00ed como a pr\u00e1cticas de la industria. En dichos supuestos, anunciar\u00e1 en esta p\u00e1gina los cambios introducidos con razonable antelaci\u00f3n a su puesta en pr\u00e1ctica.<\/p>\n\n\n\n<p>Esta pol\u00edtica de privacidad ha sido actualizada por \u00faltima vez el 29\/11\/2023.<\/p>","protected":false},"excerpt":{"rendered":"<p>Lo que se hace y no se hace con tus datos personales en esta web lo encontrar\u00e1s aqu\u00ed. Esta pol\u00edtica expresa c\u00f3mo se tratar\u00e1 y proteger\u00e1 la informaci\u00f3n personal de todas las personas que se relacionan con THE VILLA STUDIO a trav\u00e9s de este sitio web. Por favor, debes leer todos los apartados del Aviso [&hellip;]<\/p>","protected":false},"author":1,"featured_media":0,"parent":0,"menu_order":12,"comment_status":"closed","ping_status":"closed","template":"","meta":{"footnotes":""},"class_list":["post-3","page","type-page","status-publish","hentry"],"_links":{"self":[{"href":"https:\/\/thevillastudio.es\/en\/wp-json\/wp\/v2\/pages\/3","targetHints":{"allow":["GET"]}}],"collection":[{"href":"https:\/\/thevillastudio.es\/en\/wp-json\/wp\/v2\/pages"}],"about":[{"href":"https:\/\/thevillastudio.es\/en\/wp-json\/wp\/v2\/types\/page"}],"author":[{"embeddable":true,"href":"https:\/\/thevillastudio.es\/en\/wp-json\/wp\/v2\/users\/1"}],"replies":[{"embeddable":true,"href":"https:\/\/thevillastudio.es\/en\/wp-json\/wp\/v2\/comments?post=3"}],"version-history":[{"count":8,"href":"https:\/\/thevillastudio.es\/en\/wp-json\/wp\/v2\/pages\/3\/revisions"}],"predecessor-version":[{"id":2324,"href":"https:\/\/thevillastudio.es\/en\/wp-json\/wp\/v2\/pages\/3\/revisions\/2324"}],"wp:attachment":[{"href":"https:\/\/thevillastudio.es\/en\/wp-json\/wp\/v2\/media?parent=3"}],"curies":[{"name":"wp","href":"https:\/\/api.w.org\/{rel}","templated":true}]}}