{"id":2344,"date":"2025-08-17T15:54:49","date_gmt":"2025-08-17T13:54:49","guid":{"rendered":"https:\/\/thevillastudio.es\/?page_id=2344"},"modified":"2025-09-17T23:37:53","modified_gmt":"2025-09-17T21:37:53","slug":"landing-de-informacion-para-huespedes","status":"publish","type":"page","link":"https:\/\/thevillastudio.es\/en\/landing-de-informacion-para-huespedes\/","title":{"rendered":"Landing de informaci\u00f3n para hu\u00e9spedes"},"content":{"rendered":"<div data-elementor-type=\"wp-page\" data-elementor-id=\"2344\" class=\"elementor elementor-2344\" data-elementor-post-type=\"page\">\n\t\t\t\t<div class=\"elementor-element elementor-element-58b2be7 fc-container-padding e-flex e-con-boxed e-con e-parent\" data-id=\"58b2be7\" data-element_type=\"container\">\n\t\t\t\t\t<div class=\"e-con-inner\">\n\t\t\t\t<div class=\"elementor-element elementor-element-ad31558 elementor-widget elementor-widget-image\" data-id=\"ad31558\" data-element_type=\"widget\" data-widget_type=\"image.default\">\n\t\t\t\t<div class=\"elementor-widget-container\">\n\t\t\t\t\t\t\t\t\t\t\t\t\t\t\t<img fetchpriority=\"high\" decoding=\"async\" width=\"450\" height=\"128\" src=\"https:\/\/thevillastudio.es\/wp-content\/uploads\/2023\/11\/tvs-logo.png\" class=\"attachment-full size-full wp-image-1472\" alt=\"The Villa Studio logotipo\" srcset=\"https:\/\/thevillastudio.es\/wp-content\/uploads\/2023\/11\/tvs-logo.png 450w, https:\/\/thevillastudio.es\/wp-content\/uploads\/2023\/11\/tvs-logo-300x85.png 300w, https:\/\/thevillastudio.es\/wp-content\/uploads\/2023\/11\/tvs-logo-18x5.png 18w\" sizes=\"(max-width: 450px) 100vw, 450px\" \/>\t\t\t\t\t\t\t\t\t\t\t\t\t\t\t<\/div>\n\t\t\t\t<\/div>\n\t\t\t\t<div class=\"elementor-element elementor-element-e090aaf e-n-tabs-mobile elementor-widget elementor-widget-n-tabs\" data-id=\"e090aaf\" data-element_type=\"widget\" data-settings=\"{&quot;horizontal_scroll&quot;:&quot;disable&quot;}\" data-widget_type=\"nested-tabs.default\">\n\t\t\t\t<div class=\"elementor-widget-container\">\n\t\t\t\t\t\t\t<div class=\"e-n-tabs\" data-widget-number=\"235473583\" aria-label=\"Tabs. Open items with Enter or Space, close with Escape and navigate using the Arrow keys.\">\n\t\t\t<div class=\"e-n-tabs-heading\" role=\"tablist\">\n\t\t\t\t\t<button id=\"e-n-tab-title-2354735831\" data-tab-title-id=\"e-n-tab-title-2354735831\" class=\"e-n-tab-title\" aria-selected=\"true\" data-tab-index=\"1\" role=\"tab\" tabindex=\"0\" aria-controls=\"e-n-tab-content-2354735831\" style=\"--n-tabs-title-order: 1;\">\n\t\t\t\t\t\t<span class=\"e-n-tab-title-text\">\n\t\t\t\tCastellano\t\t\t<\/span>\n\t\t<\/button>\n\t\t\t\t\t<\/div>\n\t\t\t<div class=\"e-n-tabs-content\">\n\t\t\t\t<div id=\"e-n-tab-content-2354735831\" role=\"tabpanel\" aria-labelledby=\"e-n-tab-title-2354735831\" data-tab-index=\"1\" style=\"--n-tabs-title-order: 1;\" class=\"e-active elementor-element elementor-element-351dc00 e-con-full e-flex e-con e-child\" data-id=\"351dc00\" data-element_type=\"container\">\n\t\t\t\t<div class=\"elementor-element elementor-element-51887f0 elementor-widget elementor-widget-heading\" data-id=\"51887f0\" data-element_type=\"widget\" data-widget_type=\"heading.default\">\n\t\t\t\t<div class=\"elementor-widget-container\">\n\t\t\t\t\t<h1 class=\"elementor-heading-title elementor-size-default\">Informaci\u00f3n hu\u00e9spedes<\/h1>\t\t\t\t<\/div>\n\t\t\t\t<\/div>\n\t\t\t\t<div class=\"elementor-element elementor-element-343d111 elementor-widget elementor-widget-n-accordion\" data-id=\"343d111\" data-element_type=\"widget\" data-settings=\"{&quot;default_state&quot;:&quot;expanded&quot;,&quot;max_items_expended&quot;:&quot;one&quot;,&quot;n_accordion_animation_duration&quot;:{&quot;unit&quot;:&quot;ms&quot;,&quot;size&quot;:400,&quot;sizes&quot;:[]}}\" data-widget_type=\"nested-accordion.default\">\n\t\t\t\t<div class=\"elementor-widget-container\">\n\t\t\t\t\t\t\t<div class=\"e-n-accordion\" aria-label=\"Accordion. Open links with Enter or Space, close with Escape, and navigate with Arrow Keys\">\n\t\t\t\t\t\t<details id=\"e-n-accordion-item-5470\" class=\"e-n-accordion-item\" open>\n\t\t\t\t<summary class=\"e-n-accordion-item-title\" data-accordion-index=\"1\" tabindex=\"0\" aria-expanded=\"true\" aria-controls=\"e-n-accordion-item-5470\" >\n\t\t\t\t\t<span class='e-n-accordion-item-title-header'><div class=\"e-n-accordion-item-title-text\"> Acceso WIFI <\/div><\/span>\n\t\t\t\t\t\t\t<span class='e-n-accordion-item-title-icon'>\n\t\t\t<span class='e-opened' ><i aria-hidden=\"true\" class=\"fas fa-minus\"><\/i><\/span>\n\t\t\t<span class='e-closed'><i aria-hidden=\"true\" class=\"fas fa-plus\"><\/i><\/span>\n\t\t<\/span>\n\n\t\t\t\t\t\t<\/summary>\n\t\t\t\t<div role=\"region\" aria-labelledby=\"e-n-accordion-item-5470\" class=\"elementor-element elementor-element-3f4b9bc e-con-full e-flex e-con e-child\" data-id=\"3f4b9bc\" data-element_type=\"container\">\n\t\t\t\t<div class=\"elementor-element elementor-element-c178ab3 elementor-widget elementor-widget-text-editor\" data-id=\"c178ab3\" data-element_type=\"widget\" data-widget_type=\"text-editor.default\">\n\t\t\t\t<div class=\"elementor-widget-container\">\n\t\t\t\t\t\t\t\t\t<p>Disponemos de conexi\u00f3n WIFI en toda la estancia:<\/p><p>Red: vodafoneBA1710<br \/>Clave: THEVILLASTUDIO<\/p>\t\t\t\t\t\t\t\t<\/div>\n\t\t\t\t<\/div>\n\t\t\t\t<\/div>\n\t\t\t\t\t<\/details>\n\t\t\t\t\t\t<details id=\"e-n-accordion-item-5471\" class=\"e-n-accordion-item\" >\n\t\t\t\t<summary class=\"e-n-accordion-item-title\" data-accordion-index=\"2\" tabindex=\"-1\" aria-expanded=\"false\" aria-controls=\"e-n-accordion-item-5471\" >\n\t\t\t\t\t<span class='e-n-accordion-item-title-header'><div class=\"e-n-accordion-item-title-text\"> Normas de la casa <\/div><\/span>\n\t\t\t\t\t\t\t<span class='e-n-accordion-item-title-icon'>\n\t\t\t<span class='e-opened' ><i aria-hidden=\"true\" class=\"fas fa-minus\"><\/i><\/span>\n\t\t\t<span class='e-closed'><i aria-hidden=\"true\" class=\"fas fa-plus\"><\/i><\/span>\n\t\t<\/span>\n\n\t\t\t\t\t\t<\/summary>\n\t\t\t\t<div role=\"region\" aria-labelledby=\"e-n-accordion-item-5471\" class=\"elementor-element elementor-element-f439208 e-con-full e-flex e-con e-child\" data-id=\"f439208\" data-element_type=\"container\">\n\t\t\t\t<div class=\"elementor-element elementor-element-1522df2 elementor-widget elementor-widget-text-editor\" data-id=\"1522df2\" data-element_type=\"widget\" data-widget_type=\"text-editor.default\">\n\t\t\t\t<div class=\"elementor-widget-container\">\n\t\t\t\t\t\t\t\t\t<ul><li>No est\u00e1 permitido fumar en el interior de la vivienda.<\/li><li>No se permite tener animales en toda la propiedad<\/li><\/ul>\t\t\t\t\t\t\t\t<\/div>\n\t\t\t\t<\/div>\n\t\t\t\t<\/div>\n\t\t\t\t\t<\/details>\n\t\t\t\t\t\t<details id=\"e-n-accordion-item-5472\" class=\"e-n-accordion-item\" >\n\t\t\t\t<summary class=\"e-n-accordion-item-title\" data-accordion-index=\"3\" tabindex=\"-1\" aria-expanded=\"false\" aria-controls=\"e-n-accordion-item-5472\" >\n\t\t\t\t\t<span class='e-n-accordion-item-title-header'><div class=\"e-n-accordion-item-title-text\"> Restaurantes cercanos <\/div><\/span>\n\t\t\t\t\t\t\t<span class='e-n-accordion-item-title-icon'>\n\t\t\t<span class='e-opened' ><i aria-hidden=\"true\" class=\"fas fa-minus\"><\/i><\/span>\n\t\t\t<span class='e-closed'><i aria-hidden=\"true\" class=\"fas fa-plus\"><\/i><\/span>\n\t\t<\/span>\n\n\t\t\t\t\t\t<\/summary>\n\t\t\t\t<div role=\"region\" aria-labelledby=\"e-n-accordion-item-5472\" class=\"elementor-element elementor-element-0c345c0 e-con-full e-flex e-con e-child\" data-id=\"0c345c0\" data-element_type=\"container\">\n\t\t\t\t<div class=\"elementor-element elementor-element-6ba42f8 elementor-widget elementor-widget-text-editor\" data-id=\"6ba42f8\" data-element_type=\"widget\" data-widget_type=\"text-editor.default\">\n\t\t\t\t<div class=\"elementor-widget-container\">\n\t\t\t\t\t\t\t\t\t<p>La informaci\u00f3n estar\u00e1 disponible pr\u00f3ximamente.<\/p>\t\t\t\t\t\t\t\t<\/div>\n\t\t\t\t<\/div>\n\t\t\t\t<\/div>\n\t\t\t\t\t<\/details>\n\t\t\t\t\t\t<details id=\"e-n-accordion-item-5473\" class=\"e-n-accordion-item\" >\n\t\t\t\t<summary class=\"e-n-accordion-item-title\" data-accordion-index=\"4\" tabindex=\"-1\" aria-expanded=\"false\" aria-controls=\"e-n-accordion-item-5473\" >\n\t\t\t\t\t<span class='e-n-accordion-item-title-header'><div class=\"e-n-accordion-item-title-text\"> Supermercados y panader\u00eda <\/div><\/span>\n\t\t\t\t\t\t\t<span class='e-n-accordion-item-title-icon'>\n\t\t\t<span class='e-opened' ><i aria-hidden=\"true\" class=\"fas fa-minus\"><\/i><\/span>\n\t\t\t<span class='e-closed'><i aria-hidden=\"true\" class=\"fas fa-plus\"><\/i><\/span>\n\t\t<\/span>\n\n\t\t\t\t\t\t<\/summary>\n\t\t\t\t<div role=\"region\" aria-labelledby=\"e-n-accordion-item-5473\" class=\"elementor-element elementor-element-6a64f5e e-con-full e-flex e-con e-child\" data-id=\"6a64f5e\" data-element_type=\"container\">\n\t\t\t\t<div class=\"elementor-element elementor-element-b82ee1b elementor-widget elementor-widget-text-editor\" data-id=\"b82ee1b\" data-element_type=\"widget\" data-widget_type=\"text-editor.default\">\n\t\t\t\t<div class=\"elementor-widget-container\">\n\t\t\t\t\t\t\t\t\t<p>La informaci\u00f3n estar\u00e1 disponible pr\u00f3ximamente.<\/p>\t\t\t\t\t\t\t\t<\/div>\n\t\t\t\t<\/div>\n\t\t\t\t<\/div>\n\t\t\t\t\t<\/details>\n\t\t\t\t\t\t<details id=\"e-n-accordion-item-5474\" class=\"e-n-accordion-item\" >\n\t\t\t\t<summary class=\"e-n-accordion-item-title\" data-accordion-index=\"5\" tabindex=\"-1\" aria-expanded=\"false\" aria-controls=\"e-n-accordion-item-5474\" >\n\t\t\t\t\t<span class='e-n-accordion-item-title-header'><div class=\"e-n-accordion-item-title-text\"> Farmacias y centros de salud <\/div><\/span>\n\t\t\t\t\t\t\t<span class='e-n-accordion-item-title-icon'>\n\t\t\t<span class='e-opened' ><i aria-hidden=\"true\" class=\"fas fa-minus\"><\/i><\/span>\n\t\t\t<span class='e-closed'><i aria-hidden=\"true\" class=\"fas fa-plus\"><\/i><\/span>\n\t\t<\/span>\n\n\t\t\t\t\t\t<\/summary>\n\t\t\t\t<div role=\"region\" aria-labelledby=\"e-n-accordion-item-5474\" class=\"elementor-element elementor-element-4f63a85 e-con-full e-flex e-con e-child\" data-id=\"4f63a85\" data-element_type=\"container\">\n\t\t\t\t<div class=\"elementor-element elementor-element-230c08f elementor-widget elementor-widget-text-editor\" data-id=\"230c08f\" data-element_type=\"widget\" data-widget_type=\"text-editor.default\">\n\t\t\t\t<div class=\"elementor-widget-container\">\n\t\t\t\t\t\t\t\t\t<p>La informaci\u00f3n estar\u00e1 disponible pr\u00f3ximamente.<\/p>\t\t\t\t\t\t\t\t<\/div>\n\t\t\t\t<\/div>\n\t\t\t\t<\/div>\n\t\t\t\t\t<\/details>\n\t\t\t\t\t\t<details id=\"e-n-accordion-item-5475\" class=\"e-n-accordion-item\" >\n\t\t\t\t<summary class=\"e-n-accordion-item-title\" data-accordion-index=\"6\" tabindex=\"-1\" aria-expanded=\"false\" aria-controls=\"e-n-accordion-item-5475\" >\n\t\t\t\t\t<span class='e-n-accordion-item-title-header'><div class=\"e-n-accordion-item-title-text\"> Instrucciones para el checkout <\/div><\/span>\n\t\t\t\t\t\t\t<span class='e-n-accordion-item-title-icon'>\n\t\t\t<span class='e-opened' ><i aria-hidden=\"true\" class=\"fas fa-minus\"><\/i><\/span>\n\t\t\t<span class='e-closed'><i aria-hidden=\"true\" class=\"fas fa-plus\"><\/i><\/span>\n\t\t<\/span>\n\n\t\t\t\t\t\t<\/summary>\n\t\t\t\t<div role=\"region\" aria-labelledby=\"e-n-accordion-item-5475\" class=\"elementor-element elementor-element-ee9227b e-con-full e-flex e-con e-child\" data-id=\"ee9227b\" data-element_type=\"container\">\n\t\t\t\t<div class=\"elementor-element elementor-element-8fcd615 elementor-widget elementor-widget-text-editor\" data-id=\"8fcd615\" data-element_type=\"widget\" data-widget_type=\"text-editor.default\">\n\t\t\t\t<div class=\"elementor-widget-container\">\n\t\t\t\t\t\t\t\t\t<p>La informaci\u00f3n estar\u00e1 disponible pr\u00f3ximamente.<\/p>\t\t\t\t\t\t\t\t<\/div>\n\t\t\t\t<\/div>\n\t\t\t\t<\/div>\n\t\t\t\t\t<\/details>\n\t\t\t\t\t\t<details id=\"tvs-instrucciones-microondas\" class=\"e-n-accordion-item\" >\n\t\t\t\t<summary class=\"e-n-accordion-item-title\" data-accordion-index=\"7\" tabindex=\"-1\" aria-expanded=\"false\" aria-controls=\"tvs-instrucciones-microondas\" >\n\t\t\t\t\t<span class='e-n-accordion-item-title-header'><div class=\"e-n-accordion-item-title-text\"> Instrucciones microondas <\/div><\/span>\n\t\t\t\t\t\t\t<span class='e-n-accordion-item-title-icon'>\n\t\t\t<span class='e-opened' ><i aria-hidden=\"true\" class=\"fas fa-minus\"><\/i><\/span>\n\t\t\t<span class='e-closed'><i aria-hidden=\"true\" class=\"fas fa-plus\"><\/i><\/span>\n\t\t<\/span>\n\n\t\t\t\t\t\t<\/summary>\n\t\t\t\t<div role=\"region\" aria-labelledby=\"tvs-instrucciones-microondas\" class=\"elementor-element elementor-element-58bcd0b e-con-full e-flex e-con e-child\" data-id=\"58bcd0b\" data-element_type=\"container\">\n\t\t\t\t<div class=\"elementor-element elementor-element-a912c5b elementor-widget elementor-widget-video\" data-id=\"a912c5b\" data-element_type=\"widget\" data-settings=\"{&quot;video_type&quot;:&quot;hosted&quot;,&quot;controls&quot;:&quot;yes&quot;}\" data-widget_type=\"video.default\">\n\t\t\t\t<div class=\"elementor-widget-container\">\n\t\t\t\t\t\t\t<div class=\"e-hosted-video elementor-wrapper elementor-open-inline\">\n\t\t\t\t\t<video class=\"elementor-video\" src=\"https:\/\/thevillastudio.es\/wp-content\/uploads\/2025\/08\/page-landing-de-informacion-para-huespedes.mp4\" controls=\"\" preload=\"metadata\" controlslist=\"nodownload\"><\/video>\n\t\t\t\t<\/div>\n\t\t\t\t\t\t<\/div>\n\t\t\t\t<\/div>\n\t\t\t\t<\/div>\n\t\t\t\t\t<\/details>\n\t\t\t\t\t<\/div>\n\t\t\t\t\t\t<\/div>\n\t\t\t\t<\/div>\n\t\t\t\t<div class=\"elementor-element elementor-element-eccfd97 elementor-widget elementor-widget-text-editor\" data-id=\"eccfd97\" data-element_type=\"widget\" data-widget_type=\"text-editor.default\">\n\t\t\t\t<div class=\"elementor-widget-container\">\n\t\t\t\t\t\t\t\t\t<p>Si hay cualquier incidente o tienes alguna duda, <a href=\"tel:+34666994911\">ll\u00e1manos al 666 99 49 11<\/a> o env\u00edanos un mensaje de WhatsApp.<\/p>\t\t\t\t\t\t\t\t<\/div>\n\t\t\t\t<\/div>\n\t\t\t\t<div class=\"elementor-element elementor-element-2255406 elementor-align-center elementor-widget elementor-widget-button\" data-id=\"2255406\" data-element_type=\"widget\" data-widget_type=\"button.default\">\n\t\t\t\t<div class=\"elementor-widget-container\">\n\t\t\t\t\t\t\t\t\t<div class=\"elementor-button-wrapper\">\n\t\t\t\t\t<a class=\"elementor-button elementor-button-link elementor-size-sm\" href=\"https:\/\/wa.me\/+34666994911\" target=\"_blank\" rel=\"noopener\">\n\t\t\t\t\t\t<span class=\"elementor-button-content-wrapper\">\n\t\t\t\t\t\t\t\t\t<span class=\"elementor-button-text\">Contactar por WhatsApp<\/span>\n\t\t\t\t\t<\/span>\n\t\t\t\t\t<\/a>\n\t\t\t\t<\/div>\n\t\t\t\t\t\t\t\t<\/div>\n\t\t\t\t<\/div>\n\t\t\t\t<\/div>\n\t\t\t\t\t<\/div>\n\t\t<\/div>\n\t\t\t\t\t\t<\/div>\n\t\t\t\t<\/div>\n\t\t\t\t<div class=\"elementor-element elementor-element-64750e7 elementor-widget elementor-widget-html\" data-id=\"64750e7\" data-element_type=\"widget\" data-widget_type=\"html.default\">\n\t\t\t\t<div class=\"elementor-widget-container\">\n\t\t\t\t\t<script>\r\n(function(){\r\n  function openDetailsFromHash(){\r\n    var hash = window.location.hash ? window.location.hash.substring(1) : \"\";\r\n    if(!hash) return;\r\n\r\n    var target = document.getElementById(hash);\r\n    if(!target) return;\r\n\r\n    \/\/ \u00bfEs un <details>? Si no, intenta subir al closest <details>\r\n    if (target.tagName.toLowerCase() !== 'details') {\r\n      var maybeDetails = target.closest('details');\r\n      if (maybeDetails) target = maybeDetails;\r\n      else return;\r\n    }\r\n\r\n    \/\/ Opcional: cerrar otros items del mismo acorde\u00f3n\r\n    var all = target.parentElement?.querySelectorAll('.e-n-accordion-item[open]');\r\n    if (all) {\r\n      all.forEach(function(d){\r\n        if (d !== target) {\r\n          d.open = false;\r\n          var sum = d.querySelector('summary');\r\n          if (sum) sum.setAttribute('aria-expanded','false');\r\n        }\r\n      });\r\n    }\r\n\r\n    \/\/ Abrir el objetivo y ajustar ARIA\r\n    target.open = true;\r\n    var summary = target.querySelector('summary');\r\n    if (summary) summary.setAttribute('aria-expanded','true');\r\n\r\n    \/\/ Desplazar suavemente\r\n    setTimeout(function(){\r\n      target.scrollIntoView({behavior:'smooth', block:'start'});\r\n    }, 0);\r\n  }\r\n\r\n  \/\/ Reintentos por si Elementor monta m\u00e1s tarde\r\n  function delayedOpen(){\r\n    var tries = 0, max = 30;\r\n    (function tick(){\r\n      if (document.getElementById(window.location.hash.replace('#',''))) {\r\n        openDetailsFromHash();\r\n      } else if (tries++ < max) {\r\n        setTimeout(tick, 100);\r\n      }\r\n    })();\r\n  }\r\n\r\n  document.addEventListener('DOMContentLoaded', delayedOpen);\r\n  window.addEventListener('hashchange', openDetailsFromHash);\r\n})();\r\n<\/script>\r\n\t\t\t\t<\/div>\n\t\t\t\t<\/div>\n\t\t\t\t\t<\/div>\n\t\t\t\t<\/div>\n\t\t\t\t<\/div>","protected":false},"excerpt":{"rendered":"<p>Castellano Informaci\u00f3n hu\u00e9spedes Acceso WIFI Disponemos de conexi\u00f3n WIFI en toda la estancia: Red: vodafoneBA1710Clave: THEVILLASTUDIO Normas de la casa No est\u00e1 permitido fumar en el interior de la vivienda. No se permite tener animales en toda la propiedad Restaurantes cercanos La informaci\u00f3n estar\u00e1 disponible pr\u00f3ximamente. Supermercados y panader\u00eda La informaci\u00f3n estar\u00e1 disponible pr\u00f3ximamente. Farmacias [&hellip;]<\/p>","protected":false},"author":1,"featured_media":0,"parent":0,"menu_order":0,"comment_status":"closed","ping_status":"closed","template":"elementor_canvas","meta":{"footnotes":""},"class_list":["post-2344","page","type-page","status-publish","hentry"],"_links":{"self":[{"href":"https:\/\/thevillastudio.es\/en\/wp-json\/wp\/v2\/pages\/2344","targetHints":{"allow":["GET"]}}],"collection":[{"href":"https:\/\/thevillastudio.es\/en\/wp-json\/wp\/v2\/pages"}],"about":[{"href":"https:\/\/thevillastudio.es\/en\/wp-json\/wp\/v2\/types\/page"}],"author":[{"embeddable":true,"href":"https:\/\/thevillastudio.es\/en\/wp-json\/wp\/v2\/users\/1"}],"replies":[{"embeddable":true,"href":"https:\/\/thevillastudio.es\/en\/wp-json\/wp\/v2\/comments?post=2344"}],"version-history":[{"count":76,"href":"https:\/\/thevillastudio.es\/en\/wp-json\/wp\/v2\/pages\/2344\/revisions"}],"predecessor-version":[{"id":2430,"href":"https:\/\/thevillastudio.es\/en\/wp-json\/wp\/v2\/pages\/2344\/revisions\/2430"}],"wp:attachment":[{"href":"https:\/\/thevillastudio.es\/en\/wp-json\/wp\/v2\/media?parent=2344"}],"curies":[{"name":"wp","href":"https:\/\/api.w.org\/{rel}","templated":true}]}}