{"id":2,"date":"2022-08-18T08:38:03","date_gmt":"2022-08-18T06:38:03","guid":{"rendered":"https:\/\/thevillastudio.es\/?page_id=2"},"modified":"2025-06-20T00:17:16","modified_gmt":"2025-06-19T22:17:16","slug":"contacto","status":"publish","type":"page","link":"https:\/\/thevillastudio.es\/en\/contacto\/","title":{"rendered":"Contacto"},"content":{"rendered":"<div data-elementor-type=\"wp-page\" data-elementor-id=\"2\" class=\"elementor elementor-2\" data-elementor-post-type=\"page\">\n\t\t\t\t<div class=\"elementor-element elementor-element-7a524a1 e-con-full e-flex e-con e-parent\" data-id=\"7a524a1\" data-element_type=\"container\" data-settings=\"{&quot;background_background&quot;:&quot;classic&quot;}\">\n\t\t<div class=\"elementor-element elementor-element-7207b8b e-flex e-con-boxed elementor-invisible e-con e-child\" data-id=\"7207b8b\" data-element_type=\"container\" data-settings=\"{&quot;animation&quot;:&quot;fadeIn&quot;,&quot;animation_delay&quot;:800}\">\n\t\t\t\t\t<div class=\"e-con-inner\">\n\t\t\t\t<div class=\"elementor-element elementor-element-58ea44a elementor-widget elementor-widget-heading\" data-id=\"58ea44a\" data-element_type=\"widget\" data-widget_type=\"heading.default\">\n\t\t\t\t<div class=\"elementor-widget-container\">\n\t\t\t\t\t<h1 class=\"elementor-heading-title elementor-size-default\">\u00bfTienes dudas? Estamos para ayudarte<\/h1>\t\t\t\t<\/div>\n\t\t\t\t<\/div>\n\t\t\t\t\t<\/div>\n\t\t\t\t<\/div>\n\t\t<div class=\"elementor-element elementor-element-2f5f800 fc-container-padding e-flex e-con-boxed elementor-invisible e-con e-child\" data-id=\"2f5f800\" data-element_type=\"container\" data-settings=\"{&quot;animation&quot;:&quot;fadeIn&quot;,&quot;animation_delay&quot;:800}\">\n\t\t\t\t\t<div class=\"e-con-inner\">\n\t\t<div class=\"elementor-element elementor-element-5c72776 fc-container-equal-s e-flex e-con-boxed e-con e-child\" data-id=\"5c72776\" data-element_type=\"container\" data-settings=\"{&quot;background_background&quot;:&quot;classic&quot;}\">\n\t\t\t\t\t<div class=\"e-con-inner\">\n\t\t<div class=\"elementor-element elementor-element-0dc40af e-con-full e-flex e-con e-child\" data-id=\"0dc40af\" data-element_type=\"container\">\n\t\t\t\t<div class=\"elementor-element elementor-element-0a212a5 elementor-widget elementor-widget-text-editor\" data-id=\"0a212a5\" data-element_type=\"widget\" data-widget_type=\"text-editor.default\">\n\t\t\t\t<div class=\"elementor-widget-container\">\n\t\t\t\t\t\t\t\t\t<p>Si quieres hacernos una consulta puedes rellenar el siguiente formulario.<\/p><p>Si prefieres puedes contactarnos por los siguientes medios.<\/p>\t\t\t\t\t\t\t\t<\/div>\n\t\t\t\t<\/div>\n\t\t\t\t<div class=\"elementor-element elementor-element-d66596a elementor-widget elementor-widget-text-editor\" data-id=\"d66596a\" data-element_type=\"widget\" data-widget_type=\"text-editor.default\">\n\t\t\t\t<div class=\"elementor-widget-container\">\n\t\t\t\t\t\t\t\t\t<p><a href=\"https:\/\/wa.me\/+34666994911\" target=\"_blank\" rel=\"noopener\">Escr\u00edbenos por WhatsApp<\/a><\/p><p>Tel\u00e9fono: <a href=\"tel:+34666994911\"><span class=\"elementor-icon-list-text\">666 99 49 11<\/span><\/a><br \/>Email: <a href=\"mailto:info@thevillastudio.es\">info@thevillastudio.es<\/a><br \/>Instagram: <a href=\"https:\/\/www.instagram.com\/thevillastudio\/\" target=\"_blank\" rel=\"noopener\">@thevillastudio<\/a><\/p><p>Direcci\u00f3n:<br \/>Avda Portal de La Rioja 6<br \/>26290 Bri\u00f1as (La Rioja)<\/p>\t\t\t\t\t\t\t\t<\/div>\n\t\t\t\t<\/div>\n\t\t\t\t<div class=\"elementor-element elementor-element-5a0d6c0 fc-boton-simple fc-boton-flecha elementor-widget elementor-widget-button\" data-id=\"5a0d6c0\" data-element_type=\"widget\" data-widget_type=\"button.default\">\n\t\t\t\t<div class=\"elementor-widget-container\">\n\t\t\t\t\t\t\t\t\t<div class=\"elementor-button-wrapper\">\n\t\t\t\t\t<a class=\"elementor-button elementor-button-link elementor-size-sm\" href=\"https:\/\/maps.app.goo.gl\/awws9Q87CWh7E4Aq8\" target=\"_blank\" rel=\"noopener\">\n\t\t\t\t\t\t<span class=\"elementor-button-content-wrapper\">\n\t\t\t\t\t\t<span class=\"elementor-button-icon\">\n\t\t\t\t<svg xmlns=\"http:\/\/www.w3.org\/2000\/svg\" width=\"35\" height=\"35\" viewbox=\"0 0 35 8\"><path d=\"M34.1504 4.35356C34.3457 4.1583 34.3457 3.84171 34.1504 3.64645L30.9684 0.464472C30.7732 0.269209 30.4566 0.269209 30.2613 0.464471C30.0661 0.659734 30.0661 0.976316 30.2613 1.17158L33.0898 4.00001L30.2613 6.82843C30.0661 7.02369 30.0661 7.34028 30.2613 7.53554C30.4566 7.7308 30.7732 7.7308 30.9684 7.53554L34.1504 4.35356ZM-8.74228e-08 4.5L33.7969 4.50001L33.7969 3.50001L8.74228e-08 3.5L-8.74228e-08 4.5Z\"><\/path><\/svg>\t\t\t<\/span>\n\t\t\t\t\t\t\t\t\t<span class=\"elementor-button-text\">Ver ubicaci\u00f3n en Google<\/span>\n\t\t\t\t\t<\/span>\n\t\t\t\t\t<\/a>\n\t\t\t\t<\/div>\n\t\t\t\t\t\t\t\t<\/div>\n\t\t\t\t<\/div>\n\t\t\t\t<\/div>\n\t\t<div class=\"elementor-element elementor-element-6d3399c e-con-full e-flex e-con e-child\" data-id=\"6d3399c\" data-element_type=\"container\">\n\t\t\t\t<div class=\"elementor-element elementor-element-bbcd291 elementor-button-align-start elementor-widget elementor-widget-form\" data-id=\"bbcd291\" data-element_type=\"widget\" data-settings=\"{&quot;step_next_label&quot;:&quot;Siguiente&quot;,&quot;step_previous_label&quot;:&quot;Anterior&quot;,&quot;button_width&quot;:&quot;100&quot;,&quot;step_type&quot;:&quot;number_text&quot;,&quot;step_icon_shape&quot;:&quot;circle&quot;}\" data-widget_type=\"form.default\">\n\t\t\t\t<div class=\"elementor-widget-container\">\n\t\t\t\t\t\t\t<form class=\"elementor-form\" method=\"post\" name=\"Formulario de contacto\" aria-label=\"Formulario de contacto\" action=\"\">\n\t\t\t<input type=\"hidden\" name=\"post_id\" value=\"2\"\/>\n\t\t\t<input type=\"hidden\" name=\"form_id\" value=\"bbcd291\"\/>\n\t\t\t<input type=\"hidden\" name=\"referer_title\" value=\"\" \/>\n\n\t\t\t\n\t\t\t<div class=\"elementor-form-fields-wrapper elementor-labels-above\">\n\t\t\t\t\t\t\t\t<div class=\"elementor-field-type-text elementor-field-group elementor-column elementor-field-group-f1_field_nombre elementor-col-50 elementor-field-required elementor-mark-required\">\n\t\t\t\t\t\t\t\t\t\t\t\t<label for=\"form-field-f1_field_nombre\" class=\"elementor-field-label\">\n\t\t\t\t\t\t\t\tNombre y apellidos\t\t\t\t\t\t\t<\/label>\n\t\t\t\t\t\t\t\t\t\t\t\t\t\t<input size=\"1\" type=\"text\" name=\"form_fields[f1_field_nombre]\" id=\"form-field-f1_field_nombre\" class=\"elementor-field elementor-size-md  elementor-field-textual\" placeholder=\"Escribe tu nombre completo\" required=\"required\">\n\t\t\t\t\t\t\t\t\t\t\t<\/div>\n\t\t\t\t\t\t\t\t<div class=\"elementor-field-type-tel elementor-field-group elementor-column elementor-field-group-f1_field_telefono elementor-col-50\">\n\t\t\t\t\t\t\t\t\t\t\t\t<label for=\"form-field-f1_field_telefono\" class=\"elementor-field-label\">\n\t\t\t\t\t\t\t\tTel\u00e9fono\t\t\t\t\t\t\t<\/label>\n\t\t\t\t\t\t\t\t<input size=\"1\" type=\"tel\" name=\"form_fields[f1_field_telefono]\" id=\"form-field-f1_field_telefono\" class=\"elementor-field elementor-size-md  elementor-field-textual\" placeholder=\"Un tel\u00e9fono por si hay que llamarte\" pattern=\"[0-9()#&amp;+*-=.]+\" title=\"Only numbers and phone characters (#, -, *, etc) are accepted.\">\n\n\t\t\t\t\t\t<\/div>\n\t\t\t\t\t\t\t\t<div class=\"elementor-field-type-email elementor-field-group elementor-column elementor-field-group-f1_field_email elementor-col-100 elementor-field-required elementor-mark-required\">\n\t\t\t\t\t\t\t\t\t\t\t\t<label for=\"form-field-f1_field_email\" class=\"elementor-field-label\">\n\t\t\t\t\t\t\t\tCorreo electr\u00f3nico\t\t\t\t\t\t\t<\/label>\n\t\t\t\t\t\t\t\t\t\t\t\t\t\t<input size=\"1\" type=\"email\" name=\"form_fields[f1_field_email]\" id=\"form-field-f1_field_email\" class=\"elementor-field elementor-size-md  elementor-field-textual\" placeholder=\"Tu direcci\u00f3n de e-mail para poder contestarte\" required=\"required\">\n\t\t\t\t\t\t\t\t\t\t\t<\/div>\n\t\t\t\t\t\t\t\t<div class=\"elementor-field-type-textarea elementor-field-group elementor-column elementor-field-group-f1_field_mensaje elementor-col-100 elementor-field-required elementor-mark-required\">\n\t\t\t\t\t\t\t\t\t\t\t\t<label for=\"form-field-f1_field_mensaje\" class=\"elementor-field-label\">\n\t\t\t\t\t\t\t\tMensaje\t\t\t\t\t\t\t<\/label>\n\t\t\t\t\t\t<textarea class=\"elementor-field-textual elementor-field  elementor-size-md\" name=\"form_fields[f1_field_mensaje]\" id=\"form-field-f1_field_mensaje\" rows=\"4\" placeholder=\"El mensaje o comentarios que nos quieres hacer llegar\" required=\"required\"><\/textarea>\t\t\t\t<\/div>\n\t\t\t\t\t\t\t\t<div class=\"elementor-field-type-acceptance elementor-field-group elementor-column elementor-field-group-f1_field_aceptacion elementor-col-100 elementor-field-required elementor-mark-required\">\n\t\t\t\t\t\t\t<div class=\"elementor-field-subgroup\">\n\t\t\t<span class=\"elementor-field-option\">\n\t\t\t\t<input type=\"checkbox\" name=\"form_fields[f1_field_aceptacion]\" id=\"form-field-f1_field_aceptacion\" class=\"elementor-field elementor-size-md  elementor-acceptance-field\" required=\"required\">\n\t\t\t\t<label for=\"form-field-f1_field_aceptacion\">Acepto la <a href=\"https:\/\/thevillastudio.es\/en\/politica-de-privacidad\/\" target=\"_blank\">pol\u00edtica de privacidad<\/a><\/label>\t\t\t<\/span>\n\t\t<\/div>\n\t\t\t\t\t\t<\/div>\n\t\t\t\t\t\t\t\t<div class=\"elementor-field-type-html elementor-field-group elementor-column elementor-field-group-field_2179c63 elementor-col-100\">\n\t\t\t\t\t<div class=\"fc-texto-legal\">\n<p><strong>Responsable<\/strong>: ESTUDIOJUNGUITU S.L.<\/p>\n\n<p><strong>Finalidad de la recogida y tratamiento de los datos personales<\/strong>: gestionar la solicitud que realizas en este formulario de contacto.<\/p>\n\n<p><strong>Derechos<\/strong>: Podr\u00e1s ejercer tus derechos de acceso, rectificaci\u00f3n, limitaci\u00f3n y suprimir los datos en info@thevillastudio.es as\u00ed como el derecho a presentar una reclamaci\u00f3n ante una autoridad de control.<\/p>\n\n<p><strong>Informaci\u00f3n adicional<\/strong>: En la <a href=\"https:\/\/thevillastudio.es\/en\/politica-de-privacidad\/\" target=\"_blank\">pol\u00edtica de privacidad<\/a> encontrar\u00e1s informaci\u00f3n adicional sobre la recopilaci\u00f3n y el uso de su informaci\u00f3n personal, incluida informaci\u00f3n sobre acceso, conservaci\u00f3n, rectificaci\u00f3n, eliminaci\u00f3n, seguridad, y otros temas.<\/p>\n<\/div>\t\t\t\t<\/div>\n\t\t\t\t\t\t\t\t<div class=\"elementor-field-group elementor-column elementor-field-type-submit elementor-col-100 e-form__buttons\">\n\t\t\t\t\t<button class=\"elementor-button elementor-size-sm\" type=\"submit\">\n\t\t\t\t\t\t<span class=\"elementor-button-content-wrapper\">\n\t\t\t\t\t\t\t\t\t\t\t\t\t\t\t\t\t\t\t\t\t\t<span class=\"elementor-button-text\">Enviar mensaje<\/span>\n\t\t\t\t\t\t\t\t\t\t\t\t\t<\/span>\n\t\t\t\t\t<\/button>\n\t\t\t\t<\/div>\n\t\t\t<\/div>\n\t\t<input type=\"hidden\" name=\"trp-form-language\" value=\"en\"\/><\/form>\n\t\t\t\t\t\t<\/div>\n\t\t\t\t<\/div>\n\t\t\t\t<\/div>\n\t\t\t\t\t<\/div>\n\t\t\t\t<\/div>\n\t\t\t\t\t<\/div>\n\t\t\t\t<\/div>\n\t\t\t\t<\/div>\n\t\t\t\t<\/div>","protected":false},"excerpt":{"rendered":"<p>\u00bfTienes dudas? Estamos para ayudarte Si quieres hacernos una consulta puedes rellenar el siguiente formulario. Si prefieres puedes contactarnos por los siguientes medios. Escr\u00edbenos por WhatsApp Tel\u00e9fono: 666 99 49 11Email: info@thevillastudio.esInstagram: @thevillastudio Direcci\u00f3n:Avda Portal de La Rioja 626290 Bri\u00f1as (La Rioja) Ver ubicaci\u00f3n en Google<\/p>","protected":false},"author":1,"featured_media":0,"parent":0,"menu_order":7,"comment_status":"closed","ping_status":"closed","template":"","meta":{"footnotes":""},"class_list":["post-2","page","type-page","status-publish","hentry"],"_links":{"self":[{"href":"https:\/\/thevillastudio.es\/en\/wp-json\/wp\/v2\/pages\/2","targetHints":{"allow":["GET"]}}],"collection":[{"href":"https:\/\/thevillastudio.es\/en\/wp-json\/wp\/v2\/pages"}],"about":[{"href":"https:\/\/thevillastudio.es\/en\/wp-json\/wp\/v2\/types\/page"}],"author":[{"embeddable":true,"href":"https:\/\/thevillastudio.es\/en\/wp-json\/wp\/v2\/users\/1"}],"replies":[{"embeddable":true,"href":"https:\/\/thevillastudio.es\/en\/wp-json\/wp\/v2\/comments?post=2"}],"version-history":[{"count":130,"href":"https:\/\/thevillastudio.es\/en\/wp-json\/wp\/v2\/pages\/2\/revisions"}],"predecessor-version":[{"id":2322,"href":"https:\/\/thevillastudio.es\/en\/wp-json\/wp\/v2\/pages\/2\/revisions\/2322"}],"wp:attachment":[{"href":"https:\/\/thevillastudio.es\/en\/wp-json\/wp\/v2\/media?parent=2"}],"curies":[{"name":"wp","href":"https:\/\/api.w.org\/{rel}","templated":true}]}}