{"id":1629,"date":"2023-11-28T13:15:39","date_gmt":"2023-11-28T12:15:39","guid":{"rendered":"https:\/\/thevillastudio.es\/nosotros-copy\/"},"modified":"2023-12-03T18:36:11","modified_gmt":"2023-12-03T17:36:11","slug":"entorno","status":"publish","type":"page","link":"https:\/\/thevillastudio.es\/en\/entorno\/","title":{"rendered":"Entorno"},"content":{"rendered":"<div data-elementor-type=\"wp-page\" data-elementor-id=\"1629\" class=\"elementor elementor-1629\" data-elementor-post-type=\"page\">\n\t\t\t\t<div class=\"elementor-element elementor-element-96620d6 e-con-full e-flex e-con e-parent\" data-id=\"96620d6\" data-element_type=\"container\" data-settings=\"{&quot;background_background&quot;:&quot;classic&quot;}\">\n\t\t<div class=\"elementor-element elementor-element-f26a90b fc-container-padding e-flex e-con-boxed elementor-invisible e-con e-child\" data-id=\"f26a90b\" data-element_type=\"container\" data-settings=\"{&quot;animation&quot;:&quot;fadeIn&quot;,&quot;animation_delay&quot;:800}\">\n\t\t\t\t\t<div class=\"e-con-inner\">\n\t\t\t\t<div class=\"elementor-element elementor-element-9834bff elementor-widget elementor-widget-heading\" data-id=\"9834bff\" data-element_type=\"widget\" data-widget_type=\"heading.default\">\n\t\t\t\t<div class=\"elementor-widget-container\">\n\t\t\t\t\t<h1 class=\"elementor-heading-title elementor-size-default\">Entorno privilegiado<\/h1>\t\t\t\t<\/div>\n\t\t\t\t<\/div>\n\t\t\t\t<div class=\"elementor-element elementor-element-55102be elementor-widget elementor-widget-image\" data-id=\"55102be\" data-element_type=\"widget\" data-widget_type=\"image.default\">\n\t\t\t\t<div class=\"elementor-widget-container\">\n\t\t\t\t\t\t\t\t\t\t\t\t\t\t\t<img fetchpriority=\"high\" decoding=\"async\" width=\"258\" height=\"262\" src=\"https:\/\/thevillastudio.es\/wp-content\/uploads\/2023\/11\/tvs-logo-sello.png\" class=\"attachment-full size-full wp-image-1730\" alt=\"The Villa Studio logotipo tipo sello\" srcset=\"https:\/\/thevillastudio.es\/wp-content\/uploads\/2023\/11\/tvs-logo-sello.png 258w, https:\/\/thevillastudio.es\/wp-content\/uploads\/2023\/11\/tvs-logo-sello-12x12.png 12w\" sizes=\"(max-width: 258px) 100vw, 258px\" \/>\t\t\t\t\t\t\t\t\t\t\t\t\t\t\t<\/div>\n\t\t\t\t<\/div>\n\t\t\t\t<div class=\"elementor-element elementor-element-1a85937 elementor-widget elementor-widget-text-editor\" data-id=\"1a85937\" data-element_type=\"widget\" data-widget_type=\"text-editor.default\">\n\t\t\t\t<div class=\"elementor-widget-container\">\n\t\t\t\t\t\t\t\t\t<p>Gracias a su ubicaci\u00f3n estrat\u00e9gica cerca de los principales sitios de inter\u00e9s de la zona, The Villa Studio es una opci\u00f3n perfecta tanto si quieres descubrir La Rioja Alta o La Rioja Alavesa.<\/p>\t\t\t\t\t\t\t\t<\/div>\n\t\t\t\t<\/div>\n\t\t\t\t<div class=\"elementor-element elementor-element-e262317 fc-boton-filled elementor-hidden-widescreen elementor-hidden-desktop elementor-hidden-laptop elementor-hidden-tablet elementor-hidden-mobile elementor-widget elementor-widget-button\" data-id=\"e262317\" data-element_type=\"widget\" data-widget_type=\"button.default\">\n\t\t\t\t<div class=\"elementor-widget-container\">\n\t\t\t\t\t\t\t\t\t<div class=\"elementor-button-wrapper\">\n\t\t\t\t\t<a class=\"elementor-button elementor-button-link elementor-size-sm\" href=\"https:\/\/thevillastudio.es\/en\/contacto\/\">\n\t\t\t\t\t\t<span class=\"elementor-button-content-wrapper\">\n\t\t\t\t\t\t\t\t\t<span class=\"elementor-button-text\">Reservar<\/span>\n\t\t\t\t\t<\/span>\n\t\t\t\t\t<\/a>\n\t\t\t\t<\/div>\n\t\t\t\t\t\t\t\t<\/div>\n\t\t\t\t<\/div>\n\t\t\t\t\t<\/div>\n\t\t\t\t<\/div>\n\t\t\t\t<\/div>\n\t\t<div class=\"elementor-element elementor-element-85ffca1 e-flex e-con-boxed e-con e-parent\" data-id=\"85ffca1\" data-element_type=\"container\" data-settings=\"{&quot;background_background&quot;:&quot;classic&quot;}\">\n\t\t\t\t\t<div class=\"e-con-inner\">\n\t\t\t\t\t<\/div>\n\t\t\t\t<\/div>\n\t\t<div class=\"elementor-element elementor-element-8cb69e2 fc-container-padding e-flex e-con-boxed e-con e-parent\" data-id=\"8cb69e2\" data-element_type=\"container\" data-settings=\"{&quot;background_background&quot;:&quot;classic&quot;}\">\n\t\t\t\t\t<div class=\"e-con-inner\">\n\t\t<div class=\"elementor-element elementor-element-0a51259 e-con-full e-flex e-con e-child\" data-id=\"0a51259\" data-element_type=\"container\">\n\t\t\t\t<div class=\"elementor-element elementor-element-7888e7f elementor-widget elementor-widget-heading\" data-id=\"7888e7f\" data-element_type=\"widget\" data-widget_type=\"heading.default\">\n\t\t\t\t<div class=\"elementor-widget-container\">\n\t\t\t\t\t<h2 class=\"elementor-heading-title elementor-size-default\">Sitios de inter\u00e9s y atractivos tur\u00edsticos<\/h2>\t\t\t\t<\/div>\n\t\t\t\t<\/div>\n\t\t\t\t<div class=\"elementor-element elementor-element-278fa0a elementor-widget elementor-widget-text-editor\" data-id=\"278fa0a\" data-element_type=\"widget\" data-widget_type=\"text-editor.default\">\n\t\t\t\t<div class=\"elementor-widget-container\">\n\t\t\t\t\t\t\t\t\t<p>The Villa Studio tiene multitud de alternativas de ocio <br \/>y turismo a pocos kil\u00f3metros ya que se encuentra situado bajo la sierra de Tolo\u00f1o y el margen del r\u00edo Ebro. Tanto si est\u00e1s pensando en turismo enol\u00f3gico como de aventura, The Villa Studio es la opci\u00f3n perfecta.<\/p><p>Podr\u00e1s descubrir el conjunto hist\u00f3rico de Bri\u00f1as, realizar rutas de senderismo, BTT, quads o kayak en el mismo municipio o por los vi\u00f1edos aleda\u00f1os.<\/p><p>En apenas 5 minutos en coche, se encuentra el Barrio de la Estaci\u00f3n de Haro donde se sit\u00faan las bodegas centenarias y de renombre de la zona, as\u00ed como el casco hist\u00f3rico de Haro y su zona de ocio gastron\u00f3mico, \u201cLa Herradura\u201d con multitud de bares y restaurantes.<\/p><p>Si te gustan las fiestas m\u00e1s c\u00e9lebres del folclore riojano, podr\u00e1s asistir a la famosa Batalla del Vino, los Picaos de San Vicente o la Feria Medieval de Briones.<\/p>\t\t\t\t\t\t\t\t<\/div>\n\t\t\t\t<\/div>\n\t\t\t\t<\/div>\n\t\t\t\t\t<\/div>\n\t\t\t\t<\/div>\n\t\t<div class=\"elementor-element elementor-element-1208890 e-con-full e-flex e-con e-parent\" data-id=\"1208890\" data-element_type=\"container\">\n\t\t<div class=\"elementor-element elementor-element-58ebcef e-con-full e-flex e-con e-child\" data-id=\"58ebcef\" data-element_type=\"container\" data-settings=\"{&quot;background_background&quot;:&quot;classic&quot;}\">\n\t\t\t\t<\/div>\n\t\t<div class=\"elementor-element elementor-element-c451671 e-con-full e-flex e-con e-child\" data-id=\"c451671\" data-element_type=\"container\" data-settings=\"{&quot;background_background&quot;:&quot;classic&quot;}\">\n\t\t<div class=\"elementor-element elementor-element-1132d11 fc-container-equal fc-container-col-boxed fc-container-col-boxed-left e-con-full e-flex elementor-invisible e-con e-child\" data-id=\"1132d11\" data-element_type=\"container\" data-settings=\"{&quot;animation&quot;:&quot;fadeIn&quot;}\">\n\t\t\t\t<div class=\"elementor-element elementor-element-6f26d97 elementor-widget elementor-widget-heading\" data-id=\"6f26d97\" data-element_type=\"widget\" data-widget_type=\"heading.default\">\n\t\t\t\t<div class=\"elementor-widget-container\">\n\t\t\t\t\t<h2 class=\"elementor-heading-title elementor-size-default\">Gastronom\u00eda<\/h2>\t\t\t\t<\/div>\n\t\t\t\t<\/div>\n\t\t\t\t<div class=\"elementor-element elementor-element-348b809 elementor-widget elementor-widget-heading\" data-id=\"348b809\" data-element_type=\"widget\" data-widget_type=\"heading.default\">\n\t\t\t\t<div class=\"elementor-widget-container\">\n\t\t\t\t\t<div class=\"elementor-heading-title elementor-size-default\">Vivienda tur\u00edstica de alquiler completo perfecta para grupos o familia.<\/div>\t\t\t\t<\/div>\n\t\t\t\t<\/div>\n\t\t\t\t<div class=\"elementor-element elementor-element-df659fe fc-boton-simple fc-boton-flecha elementor-hidden-widescreen elementor-hidden-desktop elementor-hidden-laptop elementor-hidden-tablet elementor-hidden-mobile elementor-widget elementor-widget-button\" data-id=\"df659fe\" data-element_type=\"widget\" data-widget_type=\"button.default\">\n\t\t\t\t<div class=\"elementor-widget-container\">\n\t\t\t\t\t\t\t\t\t<div class=\"elementor-button-wrapper\">\n\t\t\t\t\t<a class=\"elementor-button elementor-button-link elementor-size-sm\" href=\"#\">\n\t\t\t\t\t\t<span class=\"elementor-button-content-wrapper\">\n\t\t\t\t\t\t<span class=\"elementor-button-icon\">\n\t\t\t\t<svg xmlns=\"http:\/\/www.w3.org\/2000\/svg\" width=\"35\" height=\"35\" viewbox=\"0 0 35 8\"><path d=\"M34.1504 4.35356C34.3457 4.1583 34.3457 3.84171 34.1504 3.64645L30.9684 0.464472C30.7732 0.269209 30.4566 0.269209 30.2613 0.464471C30.0661 0.659734 30.0661 0.976316 30.2613 1.17158L33.0898 4.00001L30.2613 6.82843C30.0661 7.02369 30.0661 7.34028 30.2613 7.53554C30.4566 7.7308 30.7732 7.7308 30.9684 7.53554L34.1504 4.35356ZM-8.74228e-08 4.5L33.7969 4.50001L33.7969 3.50001L8.74228e-08 3.5L-8.74228e-08 4.5Z\"><\/path><\/svg>\t\t\t<\/span>\n\t\t\t\t\t\t\t\t\t<span class=\"elementor-button-text\">Reservar<\/span>\n\t\t\t\t\t<\/span>\n\t\t\t\t\t<\/a>\n\t\t\t\t<\/div>\n\t\t\t\t\t\t\t\t<\/div>\n\t\t\t\t<\/div>\n\t\t\t\t<\/div>\n\t\t\t\t<\/div>\n\t\t\t\t<\/div>\n\t\t<div class=\"elementor-element elementor-element-d50ce73 e-con-full e-flex e-con e-parent\" data-id=\"d50ce73\" data-element_type=\"container\">\n\t\t<div class=\"elementor-element elementor-element-0657488 e-con-full e-flex e-con e-child\" data-id=\"0657488\" data-element_type=\"container\" data-settings=\"{&quot;background_background&quot;:&quot;classic&quot;}\">\n\t\t\t\t<\/div>\n\t\t<div class=\"elementor-element elementor-element-b186fac e-con-full e-flex e-con e-child\" data-id=\"b186fac\" data-element_type=\"container\" data-settings=\"{&quot;background_background&quot;:&quot;classic&quot;}\">\n\t\t<div class=\"elementor-element elementor-element-95185c4 fc-container-equal fc-container-col-boxed fc-container-col-boxed-right e-con-full e-flex elementor-invisible e-con e-child\" data-id=\"95185c4\" data-element_type=\"container\" data-settings=\"{&quot;animation&quot;:&quot;fadeIn&quot;}\">\n\t\t\t\t<div class=\"elementor-element elementor-element-5e770cf elementor-widget elementor-widget-heading\" data-id=\"5e770cf\" data-element_type=\"widget\" data-widget_type=\"heading.default\">\n\t\t\t\t<div class=\"elementor-widget-container\">\n\t\t\t\t\t<h2 class=\"elementor-heading-title elementor-size-default\">Turismo en familia<\/h2>\t\t\t\t<\/div>\n\t\t\t\t<\/div>\n\t\t\t\t<div class=\"elementor-element elementor-element-6bd81d4 elementor-widget elementor-widget-heading\" data-id=\"6bd81d4\" data-element_type=\"widget\" data-widget_type=\"heading.default\">\n\t\t\t\t<div class=\"elementor-widget-container\">\n\t\t\t\t\t<div class=\"elementor-heading-title elementor-size-default\">Vivienda tur\u00edstica de alquiler completo perfecta para grupos o familia.<\/div>\t\t\t\t<\/div>\n\t\t\t\t<\/div>\n\t\t\t\t<div class=\"elementor-element elementor-element-f1e18bb fc-boton-simple fc-boton-flecha elementor-hidden-widescreen elementor-hidden-desktop elementor-hidden-laptop elementor-hidden-tablet elementor-hidden-mobile elementor-widget elementor-widget-button\" data-id=\"f1e18bb\" data-element_type=\"widget\" data-widget_type=\"button.default\">\n\t\t\t\t<div class=\"elementor-widget-container\">\n\t\t\t\t\t\t\t\t\t<div class=\"elementor-button-wrapper\">\n\t\t\t\t\t<a class=\"elementor-button elementor-button-link elementor-size-sm\" href=\"#\">\n\t\t\t\t\t\t<span class=\"elementor-button-content-wrapper\">\n\t\t\t\t\t\t<span class=\"elementor-button-icon\">\n\t\t\t\t<svg xmlns=\"http:\/\/www.w3.org\/2000\/svg\" width=\"35\" height=\"35\" viewbox=\"0 0 35 8\"><path d=\"M34.1504 4.35356C34.3457 4.1583 34.3457 3.84171 34.1504 3.64645L30.9684 0.464472C30.7732 0.269209 30.4566 0.269209 30.2613 0.464471C30.0661 0.659734 30.0661 0.976316 30.2613 1.17158L33.0898 4.00001L30.2613 6.82843C30.0661 7.02369 30.0661 7.34028 30.2613 7.53554C30.4566 7.7308 30.7732 7.7308 30.9684 7.53554L34.1504 4.35356ZM-8.74228e-08 4.5L33.7969 4.50001L33.7969 3.50001L8.74228e-08 3.5L-8.74228e-08 4.5Z\"><\/path><\/svg>\t\t\t<\/span>\n\t\t\t\t\t\t\t\t\t<span class=\"elementor-button-text\">Reservar<\/span>\n\t\t\t\t\t<\/span>\n\t\t\t\t\t<\/a>\n\t\t\t\t<\/div>\n\t\t\t\t\t\t\t\t<\/div>\n\t\t\t\t<\/div>\n\t\t\t\t<\/div>\n\t\t\t\t<\/div>\n\t\t\t\t<\/div>\n\t\t<div class=\"elementor-element elementor-element-0a9c91a e-con-full e-flex e-con e-parent\" data-id=\"0a9c91a\" data-element_type=\"container\">\n\t\t<div class=\"elementor-element elementor-element-e168ad8 e-con-full e-flex e-con e-child\" data-id=\"e168ad8\" data-element_type=\"container\" data-settings=\"{&quot;background_background&quot;:&quot;classic&quot;}\">\n\t\t\t\t<\/div>\n\t\t<div class=\"elementor-element elementor-element-6e67ff0 e-con-full e-flex e-con e-child\" data-id=\"6e67ff0\" data-element_type=\"container\" data-settings=\"{&quot;background_background&quot;:&quot;classic&quot;}\">\n\t\t<div class=\"elementor-element elementor-element-b48f807 fc-container-equal fc-container-col-boxed fc-container-col-boxed-left e-con-full e-flex elementor-invisible e-con e-child\" data-id=\"b48f807\" data-element_type=\"container\" data-settings=\"{&quot;animation&quot;:&quot;fadeIn&quot;}\">\n\t\t\t\t<div class=\"elementor-element elementor-element-a9b8c8e elementor-widget elementor-widget-heading\" data-id=\"a9b8c8e\" data-element_type=\"widget\" data-widget_type=\"heading.default\">\n\t\t\t\t<div class=\"elementor-widget-container\">\n\t\t\t\t\t<h2 class=\"elementor-heading-title elementor-size-default\">Actividades<\/h2>\t\t\t\t<\/div>\n\t\t\t\t<\/div>\n\t\t\t\t<div class=\"elementor-element elementor-element-5c1f188 elementor-widget elementor-widget-heading\" data-id=\"5c1f188\" data-element_type=\"widget\" data-widget_type=\"heading.default\">\n\t\t\t\t<div class=\"elementor-widget-container\">\n\t\t\t\t\t<div class=\"elementor-heading-title elementor-size-default\">Vivienda tur\u00edstica de alquiler completo perfecta para grupos o familia.<\/div>\t\t\t\t<\/div>\n\t\t\t\t<\/div>\n\t\t\t\t<div class=\"elementor-element elementor-element-cf2eab1 fc-boton-simple fc-boton-flecha elementor-hidden-widescreen elementor-hidden-desktop elementor-hidden-laptop elementor-hidden-tablet elementor-hidden-mobile elementor-widget elementor-widget-button\" data-id=\"cf2eab1\" data-element_type=\"widget\" data-widget_type=\"button.default\">\n\t\t\t\t<div class=\"elementor-widget-container\">\n\t\t\t\t\t\t\t\t\t<div class=\"elementor-button-wrapper\">\n\t\t\t\t\t<a class=\"elementor-button elementor-button-link elementor-size-sm\" href=\"#\">\n\t\t\t\t\t\t<span class=\"elementor-button-content-wrapper\">\n\t\t\t\t\t\t<span class=\"elementor-button-icon\">\n\t\t\t\t<svg xmlns=\"http:\/\/www.w3.org\/2000\/svg\" width=\"35\" height=\"35\" viewbox=\"0 0 35 8\"><path d=\"M34.1504 4.35356C34.3457 4.1583 34.3457 3.84171 34.1504 3.64645L30.9684 0.464472C30.7732 0.269209 30.4566 0.269209 30.2613 0.464471C30.0661 0.659734 30.0661 0.976316 30.2613 1.17158L33.0898 4.00001L30.2613 6.82843C30.0661 7.02369 30.0661 7.34028 30.2613 7.53554C30.4566 7.7308 30.7732 7.7308 30.9684 7.53554L34.1504 4.35356ZM-8.74228e-08 4.5L33.7969 4.50001L33.7969 3.50001L8.74228e-08 3.5L-8.74228e-08 4.5Z\"><\/path><\/svg>\t\t\t<\/span>\n\t\t\t\t\t\t\t\t\t<span class=\"elementor-button-text\">Reservar<\/span>\n\t\t\t\t\t<\/span>\n\t\t\t\t\t<\/a>\n\t\t\t\t<\/div>\n\t\t\t\t\t\t\t\t<\/div>\n\t\t\t\t<\/div>\n\t\t\t\t<\/div>\n\t\t\t\t<\/div>\n\t\t\t\t<\/div>\n\t\t<div class=\"elementor-element elementor-element-167b2f1 fc-container-padding e-flex e-con-boxed e-con e-parent\" data-id=\"167b2f1\" data-element_type=\"container\" data-settings=\"{&quot;background_background&quot;:&quot;classic&quot;}\">\n\t\t\t\t\t<div class=\"e-con-inner\">\n\t\t<div class=\"elementor-element elementor-element-2dddbc9 e-con-full e-flex e-con e-child\" data-id=\"2dddbc9\" data-element_type=\"container\">\n\t\t\t\t<div class=\"elementor-element elementor-element-73f60e9 elementor-widget elementor-widget-heading\" data-id=\"73f60e9\" data-element_type=\"widget\" data-widget_type=\"heading.default\">\n\t\t\t\t<div class=\"elementor-widget-container\">\n\t\t\t\t\t<h2 class=\"elementor-heading-title elementor-size-default\">Nuestra villa se encuentra ubicada en Bri\u00f1as<\/h2>\t\t\t\t<\/div>\n\t\t\t\t<\/div>\n\t\t\t\t<div class=\"elementor-element elementor-element-0d331eb elementor-widget elementor-widget-text-editor\" data-id=\"0d331eb\" data-element_type=\"widget\" data-widget_type=\"text-editor.default\">\n\t\t\t\t<div class=\"elementor-widget-container\">\n\t\t\t\t\t\t\t\t\t<p>A pocos kil\u00f3metros de los siguientes puntos de inter\u00e9s.<\/p>\t\t\t\t\t\t\t\t<\/div>\n\t\t\t\t<\/div>\n\t\t\t\t<\/div>\n\t\t<div class=\"elementor-element elementor-element-fadb072 e-flex e-con-boxed e-con e-child\" data-id=\"fadb072\" data-element_type=\"container\">\n\t\t\t\t\t<div class=\"e-con-inner\">\n\t\t\t\t<div class=\"elementor-element elementor-element-6d653da elementor-widget elementor-widget-heading\" data-id=\"6d653da\" data-element_type=\"widget\" data-widget_type=\"heading.default\">\n\t\t\t\t<div class=\"elementor-widget-container\">\n\t\t\t\t\t<h2 class=\"elementor-heading-title elementor-size-default\">Distancias<\/h2>\t\t\t\t<\/div>\n\t\t\t\t<\/div>\n\t\t<div class=\"elementor-element elementor-element-b9f4194 e-flex e-con-boxed e-con e-child\" data-id=\"b9f4194\" data-element_type=\"container\">\n\t\t\t\t\t<div class=\"e-con-inner\">\n\t\t\t\t<div class=\"elementor-element elementor-element-207c288 elementor-widget__width-inherit elementor-tablet-align-center elementor-icon-list--layout-traditional elementor-list-item-link-full_width elementor-widget elementor-widget-icon-list\" data-id=\"207c288\" data-element_type=\"widget\" data-widget_type=\"icon-list.default\">\n\t\t\t\t<div class=\"elementor-widget-container\">\n\t\t\t\t\t\t\t<ul class=\"elementor-icon-list-items\">\n\t\t\t\t\t\t\t<li class=\"elementor-icon-list-item\">\n\t\t\t\t\t\t\t\t\t\t<span class=\"elementor-icon-list-text\">Haro \u00b7 4km<\/span>\n\t\t\t\t\t\t\t\t\t<\/li>\n\t\t\t\t\t\t\t\t<li class=\"elementor-icon-list-item\">\n\t\t\t\t\t\t\t\t\t\t<span class=\"elementor-icon-list-text\">Labastida \u00b7 4km<\/span>\n\t\t\t\t\t\t\t\t\t<\/li>\n\t\t\t\t\t\t\t\t<li class=\"elementor-icon-list-item\">\n\t\t\t\t\t\t\t\t\t\t<span class=\"elementor-icon-list-text\">San Vicente de la Sonsierra \u00b7 9km<\/span>\n\t\t\t\t\t\t\t\t\t<\/li>\n\t\t\t\t\t\t<\/ul>\n\t\t\t\t\t\t<\/div>\n\t\t\t\t<\/div>\n\t\t\t\t<div class=\"elementor-element elementor-element-cc7975c elementor-widget__width-inherit elementor-tablet-align-center elementor-icon-list--layout-traditional elementor-list-item-link-full_width elementor-widget elementor-widget-icon-list\" data-id=\"cc7975c\" data-element_type=\"widget\" data-widget_type=\"icon-list.default\">\n\t\t\t\t<div class=\"elementor-widget-container\">\n\t\t\t\t\t\t\t<ul class=\"elementor-icon-list-items\">\n\t\t\t\t\t\t\t<li class=\"elementor-icon-list-item\">\n\t\t\t\t\t\t\t\t\t\t<span class=\"elementor-icon-list-text\">Briones \u00b7 11km<\/span>\n\t\t\t\t\t\t\t\t\t<\/li>\n\t\t\t\t\t\t\t\t<li class=\"elementor-icon-list-item\">\n\t\t\t\t\t\t\t\t\t\t<span class=\"elementor-icon-list-text\">Casalarreina \u00b7 15km<\/span>\n\t\t\t\t\t\t\t\t\t<\/li>\n\t\t\t\t\t\t\t\t<li class=\"elementor-icon-list-item\">\n\t\t\t\t\t\t\t\t\t\t<span class=\"elementor-icon-list-text\">Sajazarra \u00b7 23km<\/span>\n\t\t\t\t\t\t\t\t\t<\/li>\n\t\t\t\t\t\t<\/ul>\n\t\t\t\t\t\t<\/div>\n\t\t\t\t<\/div>\n\t\t\t\t<div class=\"elementor-element elementor-element-ad26f5e elementor-widget__width-inherit elementor-tablet-align-center elementor-icon-list--layout-traditional elementor-list-item-link-full_width elementor-widget elementor-widget-icon-list\" data-id=\"ad26f5e\" data-element_type=\"widget\" data-widget_type=\"icon-list.default\">\n\t\t\t\t<div class=\"elementor-widget-container\">\n\t\t\t\t\t\t\t<ul class=\"elementor-icon-list-items\">\n\t\t\t\t\t\t\t<li class=\"elementor-icon-list-item\">\n\t\t\t\t\t\t\t\t\t\t<span class=\"elementor-icon-list-text\">Laguardia \u00b7 24km<\/span>\n\t\t\t\t\t\t\t\t\t<\/li>\n\t\t\t\t\t\t\t\t<li class=\"elementor-icon-list-item\">\n\t\t\t\t\t\t\t\t\t\t<span class=\"elementor-icon-list-text\">Elciego \u00b7 214km<\/span>\n\t\t\t\t\t\t\t\t\t<\/li>\n\t\t\t\t\t\t\t\t<li class=\"elementor-icon-list-item\">\n\t\t\t\t\t\t\t\t\t\t<span class=\"elementor-icon-list-text\">Ezcaray \u00b7 39km<\/span>\n\t\t\t\t\t\t\t\t\t<\/li>\n\t\t\t\t\t\t<\/ul>\n\t\t\t\t\t\t<\/div>\n\t\t\t\t<\/div>\n\t\t\t\t<div class=\"elementor-element elementor-element-54caff1 elementor-widget__width-inherit elementor-tablet-align-center elementor-icon-list--layout-traditional elementor-list-item-link-full_width elementor-widget elementor-widget-icon-list\" data-id=\"54caff1\" data-element_type=\"widget\" data-widget_type=\"icon-list.default\">\n\t\t\t\t<div class=\"elementor-widget-container\">\n\t\t\t\t\t\t\t<ul class=\"elementor-icon-list-items\">\n\t\t\t\t\t\t\t<li class=\"elementor-icon-list-item\">\n\t\t\t\t\t\t\t\t\t\t<span class=\"elementor-icon-list-text\">Vitoria \u00b7 45km<\/span>\n\t\t\t\t\t\t\t\t\t<\/li>\n\t\t\t\t\t\t\t\t<li class=\"elementor-icon-list-item\">\n\t\t\t\t\t\t\t\t\t\t<span class=\"elementor-icon-list-text\">Logro\u00f1o \u00b7 46km<\/span>\n\t\t\t\t\t\t\t\t\t<\/li>\n\t\t\t\t\t\t\t\t<li class=\"elementor-icon-list-item\">\n\t\t\t\t\t\t\t\t\t\t<span class=\"elementor-icon-list-text\">Bilbao \u00b7 87km<\/span>\n\t\t\t\t\t\t\t\t\t<\/li>\n\t\t\t\t\t\t<\/ul>\n\t\t\t\t\t\t<\/div>\n\t\t\t\t<\/div>\n\t\t\t\t\t<\/div>\n\t\t\t\t<\/div>\n\t\t\t\t\t<\/div>\n\t\t\t\t<\/div>\n\t\t\t\t\t<\/div>\n\t\t\t\t<\/div>\n\t\t<div class=\"elementor-element elementor-element-1b04ad0 fc-container-padding-l e-flex e-con-boxed e-con e-parent\" data-id=\"1b04ad0\" data-element_type=\"container\" data-settings=\"{&quot;background_background&quot;:&quot;classic&quot;}\">\n\t\t\t\t\t<div class=\"e-con-inner\">\n\t\t<div class=\"elementor-element elementor-element-032def2 e-flex e-con-boxed e-con e-child\" data-id=\"032def2\" data-element_type=\"container\">\n\t\t\t\t\t<div class=\"e-con-inner\">\n\t\t\t\t<div class=\"elementor-element elementor-element-3f38f24 elementor-widget elementor-widget-heading\" data-id=\"3f38f24\" data-element_type=\"widget\" data-widget_type=\"heading.default\">\n\t\t\t\t<div class=\"elementor-widget-container\">\n\t\t\t\t\t<h2 class=\"elementor-heading-title elementor-size-default\">Patrimonio, gastronom\u00eda y naturaleza en estado puro.<\/h2>\t\t\t\t<\/div>\n\t\t\t\t<\/div>\n\t\t\t\t\t<\/div>\n\t\t\t\t<\/div>\n\t\t\t\t\t<\/div>\n\t\t\t\t<\/div>\n\t\t\t\t<\/div>","protected":false},"excerpt":{"rendered":"<p>Entorno privilegiado Gracias a su ubicaci\u00f3n estrat\u00e9gica cerca de los principales sitios de inter\u00e9s de la zona, The Villa Studio es una opci\u00f3n perfecta tanto si quieres descubrir La Rioja Alta o La Rioja Alavesa. Reservar Sitios de inter\u00e9s y atractivos tur\u00edsticos The Villa Studio tiene multitud de alternativas de ocio y turismo a pocos [&hellip;]<\/p>","protected":false},"author":1,"featured_media":0,"parent":0,"menu_order":6,"comment_status":"closed","ping_status":"closed","template":"","meta":{"footnotes":""},"class_list":["post-1629","page","type-page","status-publish","hentry"],"_links":{"self":[{"href":"https:\/\/thevillastudio.es\/en\/wp-json\/wp\/v2\/pages\/1629","targetHints":{"allow":["GET"]}}],"collection":[{"href":"https:\/\/thevillastudio.es\/en\/wp-json\/wp\/v2\/pages"}],"about":[{"href":"https:\/\/thevillastudio.es\/en\/wp-json\/wp\/v2\/types\/page"}],"author":[{"embeddable":true,"href":"https:\/\/thevillastudio.es\/en\/wp-json\/wp\/v2\/users\/1"}],"replies":[{"embeddable":true,"href":"https:\/\/thevillastudio.es\/en\/wp-json\/wp\/v2\/comments?post=1629"}],"version-history":[{"count":85,"href":"https:\/\/thevillastudio.es\/en\/wp-json\/wp\/v2\/pages\/1629\/revisions"}],"predecessor-version":[{"id":2004,"href":"https:\/\/thevillastudio.es\/en\/wp-json\/wp\/v2\/pages\/1629\/revisions\/2004"}],"wp:attachment":[{"href":"https:\/\/thevillastudio.es\/en\/wp-json\/wp\/v2\/media?parent=1629"}],"curies":[{"name":"wp","href":"https:\/\/api.w.org\/{rel}","templated":true}]}}